{"id":77,"date":"2025-08-30T13:48:46","date_gmt":"2025-08-30T11:48:46","guid":{"rendered":"https:\/\/www.tralaltro.it\/?page_id=77"},"modified":"2026-03-06T20:11:11","modified_gmt":"2026-03-06T19:11:11","slug":"chi-siamo","status":"publish","type":"page","link":"https:\/\/www.tralaltro.it\/en\/chi-siamo\/","title":{"rendered":"About us"},"content":{"rendered":"<p>Siamo un\u2019associazione di promozione sociale impegnata dal 1997 nella realizzazione delle persone LGBTQIA+ attraverso attivit\u00e0 di aggregazione, tutela della salute fisica e psichica, lotta alla discriminazione, formazione per operatori sociosanitari e personale scolastico.<\/p>\n\n\n\n<p><a href=\"https:\/\/www.tralaltro.it\/en\/trasparenza\/\"><strong>TRASPARENZA<\/strong><\/a><\/p>\n\n\n\n<h1 class=\"wp-block-heading\"><strong>Mission<\/strong><\/h1>\n\n\n\n<p>La nostra mission \u00e8 creare una societ\u00e0 pi\u00f9 giusta, inclusiva e consapevole, in cui ogni persona LGBTQIA+ possa sentirsi libera, visibile e protetta. Lo facciamo offrendo servizi, supporto, formazione, prevenzione e occasioni di socialit\u00e0, valorizzando le differenze e promuovendo una cultura dei diritti che parte dal basso e si costruisce ogni giorno, insieme.<\/p>\n\n\n\n<h1 class=\"wp-block-heading\"><strong>Scopo e Visione<\/strong><\/h1>\n\n\n\n<p><strong>Promuoviamo i diritti, il benessere e la visibilit\u00e0 delle persone LGBTQIA+ nel territorio padovano, contrastando ogni forma di discriminazione legata all\u2019orientamento sessuale, all\u2019identit\u00e0 di genere e all\u2019espressione di s\u00e9. Attraverso attivit\u00e0 culturali, sociali, educative e di supporto al benessere, costruiamo spazi sicuri, relazioni solidali e una comunit\u00e0 intersezionale capace di generare cambiamento e inclusione reale.<\/strong><\/p>\n\n\n\n<p>Immaginiamo una Padova dove ogni persona possa vivere liberamente la propria identit\u00e0 e affettivit\u00e0, senza paura di discriminazioni, solitudine o esclusione. Una citt\u00e0 in cui le differenze siano riconosciute come valore, la cultura dei diritti sia radicata, e la comunit\u00e0 LGBTQIA+ sia protagonista del cambiamento sociale. Lottiamo per un presente in cui la dignit\u00e0, l\u2019autodeterminazione e l\u2019equit\u00e0 non siano privilegi per pochi, ma realt\u00e0 condivisa per tutt\u0259.<\/p>\n\n\n\n<hr class=\"wp-block-separator has-alpha-channel-opacity\"\/>\n\n\n\n<h1 class=\"wp-block-heading\"><strong>Consiglio Direttivo (2025)<\/strong><\/h1>\n\n\n\n<ul class=\"wp-block-list\">\n<li><strong>Mirco Costacurta<\/strong> (Presidente <em>pro tempore<\/em> e seguito delle <a href=\"https:\/\/www.tralaltro.it\/en\/2026\/03\/06\/comunicazione-dimissioni-della-presidenza-e-convocazione-assemblea-ordinaria-delle-persone-socie\/\" type=\"link\" id=\"https:\/\/www.tralaltro.it\/2026\/03\/06\/comunicazione-dimissioni-della-presidenza-e-convocazione-assemblea-ordinaria-delle-persone-socie\/\">dimissioni di Ilenia Pennini<\/a>)<\/li>\n\n\n\n<li>Mattia Cortese Galdiolo (Tesoriere)<\/li>\n\n\n\n<li>Alessia Gelo<\/li>\n\n\n\n<li>Danilo Stocchino<\/li>\n\n\n\n<li>Diego Russo<\/li>\n\n\n\n<li>Ilenia Pennini <\/li>\n<\/ul>","protected":false},"excerpt":{"rendered":"<p>Siamo un\u2019associazione di promozione sociale impegnata dal 1997 nella realizzazione delle persone LGBTQIA+ attraverso attivit\u00e0 di aggregazione, tutela della salute fisica e psichica, lotta alla discriminazione, formazione per operatori sociosanitari e personale scolastico.<\/p>","protected":false},"author":1,"featured_media":79,"parent":0,"menu_order":0,"comment_status":"closed","ping_status":"closed","template":"","meta":{"_et_pb_use_builder":"off","_et_pb_old_content":"<!-- wp:paragraph -->\n<p>Siamo un\u2019associazione di promozione sociale impegnata dal 1997 nella realizzazione delle persone LGBTQIA+ attraverso attivit\u00e0 di aggregazione, tutela della salute fisica e psichica, lotta alla discriminazione, formazione per operatori sociosanitari e personale scolastico.<\/p>\n<!-- \/wp:paragraph -->\n\n<!-- wp:heading {\"level\":1} -->\n<h1 class=\"wp-block-heading\"><strong>Mission<\/strong><\/h1>\n<!-- \/wp:heading -->\n\n<!-- wp:paragraph -->\n<p>La nostra mission \u00e8 creare una societ\u00e0 pi\u00f9 giusta, inclusiva e consapevole, in cui ogni persona LGBTQIA+ possa sentirsi libera, visibile e protetta. Lo facciamo offrendo servizi, supporto, formazione, prevenzione e occasioni di socialit\u00e0, valorizzando le differenze e promuovendo una cultura dei diritti che parte dal basso e si costruisce ogni giorno, insieme.<\/p>\n<!-- \/wp:paragraph -->\n\n<!-- wp:heading {\"level\":1} -->\n<h1 class=\"wp-block-heading\"><strong>Scopo e Visione<\/strong><\/h1>\n<!-- \/wp:heading -->\n\n<!-- wp:paragraph -->\n<p><strong>Promuoviamo i diritti, il benessere e la visibilit\u00e0 delle persone LGBTQIA+ nel territorio padovano, contrastando ogni forma di discriminazione legata all\u2019orientamento sessuale, all\u2019identit\u00e0 di genere e all\u2019espressione di s\u00e9. Attraverso attivit\u00e0 culturali, sociali, educative e di supporto al benessere, costruiamo spazi sicuri, relazioni solidali e una comunit\u00e0 intersezionale capace di generare cambiamento e inclusione reale.<\/strong><\/p>\n<!-- \/wp:paragraph -->\n\n<!-- wp:paragraph -->\n<p>Immaginiamo una Padova dove ogni persona possa vivere liberamente la propria identit\u00e0 e affettivit\u00e0, senza paura di discriminazioni, solitudine o esclusione. Una citt\u00e0 in cui le differenze siano riconosciute come valore, la cultura dei diritti sia radicata, e la comunit\u00e0 LGBTQIA+ sia protagonista del cambiamento sociale. Lottiamo per un presente in cui la dignit\u00e0, l\u2019autodeterminazione e l\u2019equit\u00e0 non siano privilegi per pochi, ma realt\u00e0 condivisa per tutt\u0259.<\/p>\n<!-- \/wp:paragraph -->\n\n<!-- wp:heading {\"level\":1} -->\n<h1 class=\"wp-block-heading\"><strong>Consiglio Direttivo (2025)<\/strong><\/h1>\n<!-- \/wp:heading -->\n\n<!-- wp:list -->\n<ul class=\"wp-block-list\"><!-- wp:list-item -->\n<li>Ilenia Pennini (Presidente)<\/li>\n<!-- \/wp:list-item -->\n\n<!-- wp:list-item -->\n<li>Mirco Costacurta (Vicepresidente)<\/li>\n<!-- \/wp:list-item -->\n\n<!-- wp:list-item -->\n<li>Mattia Cortese Galdiolo (Tesoriere)<\/li>\n<!-- \/wp:list-item -->\n\n<!-- wp:list-item -->\n<li>Alessia Gelo<\/li>\n<!-- \/wp:list-item -->\n\n<!-- wp:list-item -->\n<li>Danilo Stocchino<\/li>\n<!-- \/wp:list-item -->\n\n<!-- wp:list-item -->\n<li>Diego Russo<\/li>\n<!-- \/wp:list-item --><\/ul>\n<!-- \/wp:list -->","_et_gb_content_width":"","_price":"","_stock":"","_tribe_ticket_header":"","_tribe_default_ticket_provider":"","_tribe_ticket_capacity":"0","_ticket_start_date":"","_ticket_end_date":"","_tribe_ticket_show_description":"","_tribe_ticket_show_not_going":false,"_tribe_ticket_use_global_stock":"","_tribe_ticket_global_stock_level":"","_global_stock_mode":"","_global_stock_cap":"","_tribe_rsvp_for_event":"","_tribe_ticket_going_count":"","_tribe_ticket_not_going_count":"","_tribe_tickets_list":"[]","_tribe_ticket_has_attendee_info_fields":false,"footnotes":"","_tec_slr_enabled":"","_tec_slr_layout":""},"categories":[],"tags":[],"class_list":["post-77","page","type-page","status-publish","has-post-thumbnail","hentry"],"yoast_head":"<!-- This site is optimized with the Yoast SEO plugin v27.4 - https:\/\/yoast.com\/product\/yoast-seo-wordpress\/ -->\n<title>Arcigay Tralaltro Padova | Diritti LGBTQIA+ e Inclusione<\/title>\n<meta name=\"description\" content=\"Dal 1997 promuoviamo i diritti LGBTQIA+ a Padova con attivit\u00e0, supporto, formazione e prevenzione. Una comunit\u00e0 visibile, libera e protetta.\" \/>\n<meta name=\"robots\" content=\"index, follow, max-snippet:-1, max-image-preview:large, max-video-preview:-1\" \/>\n<link rel=\"canonical\" href=\"https:\/\/www.tralaltro.it\/en\/chi-siamo\/\" \/>\n<meta property=\"og:locale\" content=\"en_GB\" \/>\n<meta property=\"og:type\" content=\"article\" \/>\n<meta property=\"og:title\" content=\"Arcigay Tralaltro Padova | Diritti LGBTQIA+ e Inclusione\" \/>\n<meta property=\"og:description\" content=\"Dal 1997 promuoviamo i diritti LGBTQIA+ a Padova con attivit\u00e0, supporto, formazione e prevenzione. Una comunit\u00e0 visibile, libera e protetta.\" \/>\n<meta property=\"og:url\" content=\"https:\/\/www.tralaltro.it\/en\/chi-siamo\/\" \/>\n<meta property=\"og:site_name\" content=\"Arcigay Tralaltro Padova APS\" \/>\n<meta property=\"article:publisher\" content=\"https:\/\/www.facebook.com\/ArcigayTralaltroPadova\/\" \/>\n<meta property=\"article:modified_time\" content=\"2026-03-06T19:11:11+00:00\" \/>\n<meta property=\"og:image\" content=\"https:\/\/www.tralaltro.it\/wp-content\/uploads\/2025\/08\/IMG_4260-edited-e1756554445454.jpg\" \/>\n\t<meta property=\"og:image:width\" content=\"632\" \/>\n\t<meta property=\"og:image:height\" content=\"694\" \/>\n\t<meta property=\"og:image:type\" content=\"image\/jpeg\" \/>\n<meta name=\"twitter:card\" content=\"summary_large_image\" \/>\n<meta name=\"twitter:label1\" content=\"Estimated reading time\" \/>\n\t<meta name=\"twitter:data1\" content=\"2 minutes\" \/>\n<script type=\"application\/ld+json\" class=\"yoast-schema-graph\">{\"@context\":\"https:\\\/\\\/schema.org\",\"@graph\":[{\"@type\":\"WebPage\",\"@id\":\"https:\\\/\\\/www.tralaltro.it\\\/chi-siamo\\\/\",\"url\":\"https:\\\/\\\/www.tralaltro.it\\\/chi-siamo\\\/\",\"name\":\"Arcigay Tralaltro Padova | Diritti LGBTQIA+ e Inclusione\",\"isPartOf\":{\"@id\":\"https:\\\/\\\/www.tralaltro.it\\\/#website\"},\"primaryImageOfPage\":{\"@id\":\"https:\\\/\\\/www.tralaltro.it\\\/chi-siamo\\\/#primaryimage\"},\"image\":{\"@id\":\"https:\\\/\\\/www.tralaltro.it\\\/chi-siamo\\\/#primaryimage\"},\"thumbnailUrl\":\"https:\\\/\\\/www.tralaltro.it\\\/wp-content\\\/uploads\\\/2025\\\/08\\\/IMG_4260-edited-e1756554445454.jpg\",\"datePublished\":\"2025-08-30T11:48:46+00:00\",\"dateModified\":\"2026-03-06T19:11:11+00:00\",\"description\":\"Dal 1997 promuoviamo i diritti LGBTQIA+ a Padova con attivit\u00e0, supporto, formazione e prevenzione. Una comunit\u00e0 visibile, libera e protetta.\",\"breadcrumb\":{\"@id\":\"https:\\\/\\\/www.tralaltro.it\\\/chi-siamo\\\/#breadcrumb\"},\"inLanguage\":\"en-GB\",\"potentialAction\":[{\"@type\":\"ReadAction\",\"target\":[\"https:\\\/\\\/www.tralaltro.it\\\/chi-siamo\\\/\"]}]},{\"@type\":\"ImageObject\",\"inLanguage\":\"en-GB\",\"@id\":\"https:\\\/\\\/www.tralaltro.it\\\/chi-siamo\\\/#primaryimage\",\"url\":\"https:\\\/\\\/www.tralaltro.it\\\/wp-content\\\/uploads\\\/2025\\\/08\\\/IMG_4260-edited-e1756554445454.jpg\",\"contentUrl\":\"https:\\\/\\\/www.tralaltro.it\\\/wp-content\\\/uploads\\\/2025\\\/08\\\/IMG_4260-edited-e1756554445454.jpg\",\"width\":632,\"height\":694},{\"@type\":\"BreadcrumbList\",\"@id\":\"https:\\\/\\\/www.tralaltro.it\\\/chi-siamo\\\/#breadcrumb\",\"itemListElement\":[{\"@type\":\"ListItem\",\"position\":1,\"name\":\"Home\",\"item\":\"https:\\\/\\\/www.tralaltro.it\\\/\"},{\"@type\":\"ListItem\",\"position\":2,\"name\":\"Chi Siamo\"}]},{\"@type\":\"WebSite\",\"@id\":\"https:\\\/\\\/www.tralaltro.it\\\/#website\",\"url\":\"https:\\\/\\\/www.tralaltro.it\\\/\",\"name\":\"Arcigay Tralaltro Padova APS\",\"description\":\"Associazione LGBTQIA+ a Padova\",\"publisher\":{\"@id\":\"https:\\\/\\\/www.tralaltro.it\\\/#organization\"},\"alternateName\":\"Arcigay Padova\",\"potentialAction\":[{\"@type\":\"SearchAction\",\"target\":{\"@type\":\"EntryPoint\",\"urlTemplate\":\"https:\\\/\\\/www.tralaltro.it\\\/?s={search_term_string}\"},\"query-input\":{\"@type\":\"PropertyValueSpecification\",\"valueRequired\":true,\"valueName\":\"search_term_string\"}}],\"inLanguage\":\"en-GB\"},{\"@type\":\"Organization\",\"@id\":\"https:\\\/\\\/www.tralaltro.it\\\/#organization\",\"name\":\"Arcigay Tralaltro Padova APS\",\"url\":\"https:\\\/\\\/www.tralaltro.it\\\/\",\"logo\":{\"@type\":\"ImageObject\",\"inLanguage\":\"en-GB\",\"@id\":\"https:\\\/\\\/www.tralaltro.it\\\/#\\\/schema\\\/logo\\\/image\\\/\",\"url\":\"https:\\\/\\\/www.tralaltro.it\\\/wp-content\\\/uploads\\\/2025\\\/08\\\/Tralaltro-QUAD-1.png\",\"contentUrl\":\"https:\\\/\\\/www.tralaltro.it\\\/wp-content\\\/uploads\\\/2025\\\/08\\\/Tralaltro-QUAD-1.png\",\"width\":487,\"height\":487,\"caption\":\"Arcigay Tralaltro Padova APS\"},\"image\":{\"@id\":\"https:\\\/\\\/www.tralaltro.it\\\/#\\\/schema\\\/logo\\\/image\\\/\"},\"sameAs\":[\"https:\\\/\\\/www.facebook.com\\\/ArcigayTralaltroPadova\\\/\",\"https:\\\/\\\/www.instagram.com\\\/arcigaytralaltropadova\\\/\"]}]}<\/script>\n<!-- \/ Yoast SEO plugin. -->","yoast_head_json":{"title":"Arcigay Tralaltro Padova | Diritti LGBTQIA+ e Inclusione","description":"Dal 1997 promuoviamo i diritti LGBTQIA+ a Padova con attivit\u00e0, supporto, formazione e prevenzione. Una comunit\u00e0 visibile, libera e protetta.","robots":{"index":"index","follow":"follow","max-snippet":"max-snippet:-1","max-image-preview":"max-image-preview:large","max-video-preview":"max-video-preview:-1"},"canonical":"https:\/\/www.tralaltro.it\/en\/chi-siamo\/","og_locale":"en_GB","og_type":"article","og_title":"Arcigay Tralaltro Padova | Diritti LGBTQIA+ e Inclusione","og_description":"Dal 1997 promuoviamo i diritti LGBTQIA+ a Padova con attivit\u00e0, supporto, formazione e prevenzione. Una comunit\u00e0 visibile, libera e protetta.","og_url":"https:\/\/www.tralaltro.it\/en\/chi-siamo\/","og_site_name":"Arcigay Tralaltro Padova APS","article_publisher":"https:\/\/www.facebook.com\/ArcigayTralaltroPadova\/","article_modified_time":"2026-03-06T19:11:11+00:00","og_image":[{"width":632,"height":694,"url":"https:\/\/www.tralaltro.it\/wp-content\/uploads\/2025\/08\/IMG_4260-edited-e1756554445454.jpg","type":"image\/jpeg"}],"twitter_card":"summary_large_image","twitter_misc":{"Estimated reading time":"2 minutes"},"schema":{"@context":"https:\/\/schema.org","@graph":[{"@type":"WebPage","@id":"https:\/\/www.tralaltro.it\/chi-siamo\/","url":"https:\/\/www.tralaltro.it\/chi-siamo\/","name":"Arcigay Tralaltro Padova | Diritti LGBTQIA+ e Inclusione","isPartOf":{"@id":"https:\/\/www.tralaltro.it\/#website"},"primaryImageOfPage":{"@id":"https:\/\/www.tralaltro.it\/chi-siamo\/#primaryimage"},"image":{"@id":"https:\/\/www.tralaltro.it\/chi-siamo\/#primaryimage"},"thumbnailUrl":"https:\/\/www.tralaltro.it\/wp-content\/uploads\/2025\/08\/IMG_4260-edited-e1756554445454.jpg","datePublished":"2025-08-30T11:48:46+00:00","dateModified":"2026-03-06T19:11:11+00:00","description":"Dal 1997 promuoviamo i diritti LGBTQIA+ a Padova con attivit\u00e0, supporto, formazione e prevenzione. Una comunit\u00e0 visibile, libera e protetta.","breadcrumb":{"@id":"https:\/\/www.tralaltro.it\/chi-siamo\/#breadcrumb"},"inLanguage":"en-GB","potentialAction":[{"@type":"ReadAction","target":["https:\/\/www.tralaltro.it\/chi-siamo\/"]}]},{"@type":"ImageObject","inLanguage":"en-GB","@id":"https:\/\/www.tralaltro.it\/chi-siamo\/#primaryimage","url":"https:\/\/www.tralaltro.it\/wp-content\/uploads\/2025\/08\/IMG_4260-edited-e1756554445454.jpg","contentUrl":"https:\/\/www.tralaltro.it\/wp-content\/uploads\/2025\/08\/IMG_4260-edited-e1756554445454.jpg","width":632,"height":694},{"@type":"BreadcrumbList","@id":"https:\/\/www.tralaltro.it\/chi-siamo\/#breadcrumb","itemListElement":[{"@type":"ListItem","position":1,"name":"Home","item":"https:\/\/www.tralaltro.it\/"},{"@type":"ListItem","position":2,"name":"Chi Siamo"}]},{"@type":"WebSite","@id":"https:\/\/www.tralaltro.it\/#website","url":"https:\/\/www.tralaltro.it\/","name":"Arcigay Tralaltro Padova APS","description":"Associazione LGBTQIA+ a Padova","publisher":{"@id":"https:\/\/www.tralaltro.it\/#organization"},"alternateName":"Arcigay Padova","potentialAction":[{"@type":"SearchAction","target":{"@type":"EntryPoint","urlTemplate":"https:\/\/www.tralaltro.it\/?s={search_term_string}"},"query-input":{"@type":"PropertyValueSpecification","valueRequired":true,"valueName":"search_term_string"}}],"inLanguage":"en-GB"},{"@type":"Organization","@id":"https:\/\/www.tralaltro.it\/#organization","name":"Arcigay Tralaltro Padova APS","url":"https:\/\/www.tralaltro.it\/","logo":{"@type":"ImageObject","inLanguage":"en-GB","@id":"https:\/\/www.tralaltro.it\/#\/schema\/logo\/image\/","url":"https:\/\/www.tralaltro.it\/wp-content\/uploads\/2025\/08\/Tralaltro-QUAD-1.png","contentUrl":"https:\/\/www.tralaltro.it\/wp-content\/uploads\/2025\/08\/Tralaltro-QUAD-1.png","width":487,"height":487,"caption":"Arcigay Tralaltro Padova APS"},"image":{"@id":"https:\/\/www.tralaltro.it\/#\/schema\/logo\/image\/"},"sameAs":["https:\/\/www.facebook.com\/ArcigayTralaltroPadova\/","https:\/\/www.instagram.com\/arcigaytralaltropadova\/"]}]}},"ticketed":false,"_links":{"self":[{"href":"https:\/\/www.tralaltro.it\/en\/wp-json\/wp\/v2\/pages\/77","targetHints":{"allow":["GET"]}}],"collection":[{"href":"https:\/\/www.tralaltro.it\/en\/wp-json\/wp\/v2\/pages"}],"about":[{"href":"https:\/\/www.tralaltro.it\/en\/wp-json\/wp\/v2\/types\/page"}],"author":[{"embeddable":true,"href":"https:\/\/www.tralaltro.it\/en\/wp-json\/wp\/v2\/users\/1"}],"replies":[{"embeddable":true,"href":"https:\/\/www.tralaltro.it\/en\/wp-json\/wp\/v2\/comments?post=77"}],"version-history":[{"count":10,"href":"https:\/\/www.tralaltro.it\/en\/wp-json\/wp\/v2\/pages\/77\/revisions"}],"predecessor-version":[{"id":1681,"href":"https:\/\/www.tralaltro.it\/en\/wp-json\/wp\/v2\/pages\/77\/revisions\/1681"}],"wp:featuredmedia":[{"embeddable":true,"href":"https:\/\/www.tralaltro.it\/en\/wp-json\/wp\/v2\/media\/79"}],"wp:attachment":[{"href":"https:\/\/www.tralaltro.it\/en\/wp-json\/wp\/v2\/media?parent=77"}],"wp:term":[{"taxonomy":"category","embeddable":true,"href":"https:\/\/www.tralaltro.it\/en\/wp-json\/wp\/v2\/categories?post=77"},{"taxonomy":"post_tag","embeddable":true,"href":"https:\/\/www.tralaltro.it\/en\/wp-json\/wp\/v2\/tags?post=77"}],"curies":[{"name":"wp","href":"https:\/\/api.w.org\/{rel}","templated":true}]}}