{"id":973,"date":"2025-09-07T21:54:39","date_gmt":"2025-09-07T19:54:39","guid":{"rendered":"https:\/\/www.tralaltro.it\/?page_id=973"},"modified":"2025-09-07T22:07:07","modified_gmt":"2025-09-07T20:07:07","slug":"lavori-di-pubblica-utilita","status":"publish","type":"page","link":"https:\/\/www.tralaltro.it\/en\/lavori-di-pubblica-utilita\/","title":{"rendered":"Lavori di Pubblica Utilit\u00e0"},"content":{"rendered":"\n<p>Arcigay Tralaltro Padova \u00e8 da sempre impegnata nella lotta contro le discriminazioni e nella promozione dei diritti della comunit\u00e0 LGBTQIA+. Per noi, la giustizia sociale va oltre le logiche punitive: la nostra visione di giustizia \u00e8 critica, inclusiva e orientata al cambiamento. Per questo, i <strong>Lavori di Pubblica Utilit\u00e0<\/strong> (<strong>LPU<\/strong>) sono per noi uno strumento concreto e significativo: un\u2019opportunit\u00e0 per coinvolgere chi ha intrapreso un percorso di giustizia riparativa in attivit\u00e0 che hanno un reale valore per la nostra comunit\u00e0, costruendo un legame reciproco.<\/p>\n\n\n\n<p>Non vediamo gli LPU come una mera alternativa a una pena detentiva, ma come un passo concreto verso una societ\u00e0 pi\u00f9 equa e inclusiva, dove il supporto, la solidariet\u00e0 e la partecipazione attiva sono al centro di tutto.&nbsp;<\/p>\n\n\n\n<h3 class=\"wp-block-heading\"><strong>La Legge sugli LPU: Cos\u2019\u00e8 e Come Funziona<\/strong><\/h3>\n\n\n\n<p>In Italia, il Lavoro di Pubblica Utilit\u00e0 \u00e8 regolato da una serie di leggi che prevedono che alcune pene possano essere sostituite con attivit\u00e0 di utilit\u00e0 sociale, svolte senza compenso e in favore della collettivit\u00e0.&nbsp;<\/p>\n\n\n\n<p>La legge che regolamenta gli LPU \u00e8 principalmente il D.Lgs. 274\/2000, che definisce il lavoro di pubblica utilit\u00e0 come la prestazione di attivit\u00e0 non retribuita svolta da persone condannate per reati minori, che vengono assegnate a svolgere attivit\u00e0 utili per la comunit\u00e0 presso enti pubblici o organizzazioni di volontariato e assistenza sociale, come nel caso di Arcigay Tralaltro.<\/p>\n\n\n\n<p>La durata del lavoro pu\u00f2 variare in base alla gravit\u00e0 del reato e alle circostanze individuali, ma non pu\u00f2 superare i 300 giorni. Durante l&#8217;esecuzione, il condannato non riceve compensi, ma il lavoro deve essere finalizzato a un beneficio collettivo.<\/p>\n\n\n\n<h3 class=\"wp-block-heading\"><strong>LPU: Un\u2019Alternativa di Associazionismo e Inclusione<\/strong><\/h3>\n\n\n\n<p>In Arcigay Tralaltro, non vediamo gli LPU come una semplice \u201cattivit\u00e0 di supporto\u201d, ma come una forma alternativa di associazionismo. Le persone che partecipano agli LPU diventano parte integrante della nostra realt\u00e0, contribuendo alle nostre attivit\u00e0 sociali, culturali e politiche.<\/p>\n\n\n\n<p>Diventano attivisti e partecipanti, e non solo &#8220;lavoratori&#8221;. Il programma non si limita a fornire un\u2019opportunit\u00e0 di riabilitazione sociale, ma costruisce un legame tra l\u2019individuo e la nostra comunit\u00e0, con una partecipazione collettiva che rende la nostra associazione pi\u00f9 forte e pi\u00f9 inclusiva.<\/p>\n\n\n\n<h3 class=\"wp-block-heading\"><strong><a href=\"https:\/\/www.tralaltro.it\/contatti\/\">Contattaci<\/a><\/strong><\/h3>\n\n\n\n<p>Se vuoi sapere di pi\u00f9 su come partecipare o su come gli LPU si integrano nelle nostre attivit\u00e0,<a href=\"https:\/\/www.tralaltro.it\/contatti\/\"> <strong>scrivi pure alla nostra mail.<\/strong><\/a><\/p>\n\n\n\n<script type=\"application\/ld+json\">\n{\n  \"@context\": \"https:\/\/schema.org\",\n  \"@type\": \"NGO\",\n  \"name\": \"Arcigay Tralaltro Padova\",\n  \"url\": \"https:\/\/www.tralaltro.it\/lavori-pubblica-utilita\",\n  \"logo\": \"https:\/\/www.tralaltro.it\/wp-content\/uploads\/logo.png\",\n  \"sameAs\": [\n    \"https:\/\/www.facebook.com\/arcigaytralaltro\",\n    \"https:\/\/www.instagram.com\/arcigaytralaltro\"\n  ],\n  \"department\": {\n    \"@type\": \"Program\",\n    \"name\": \"Lavori di Pubblica Utilit\u00e0 (LPU)\",\n    \"description\": \"Arcigay Tralaltro Padova accoglie i Lavori di Pubblica Utilit\u00e0 (LPU) come opportunit\u00e0 di inclusione e giustizia sociale. Le persone inserite nel programma contribuiscono ad attivit\u00e0 culturali, sociali e comunitarie, diventando parte attiva dell\u2019associazione.lavori di pubblica utilit\u00e0, LPU Arcigay Padova, giustizia riparativa LGBTQIA+, volontariato Padova inclusione, comunit\u00e0 LGBTQIA+ Padova, alternativa pena detentiva, associazionismo e giustizia sociale\",\n    \"provider\": {\n      \"@type\": \"Organization\",\n      \"name\": \"Arcigay Tralaltro Padova\",\n      \"url\": \"https:\/\/www.tralaltro.it\"\n    },\n    \"audience\": {\n      \"@type\": \"Audience\",\n      \"audienceType\": \"Persone in giustizia riparativa o inserite in LPU\"\n    },\n    \"areaServed\": {\n      \"@type\": \"Place\",\n      \"name\": \"Padova, Italia\"\n    },\n    \"offers\": {\n      \"@type\": \"Offer\",\n      \"url\": \"https:\/\/www.tralaltro.it\/lavori-pubblica-utilita\",\n      \"price\": \"0\",\n      \"priceCurrency\": \"EUR\"\n    }\n  }\n}\n<\/script>\n","protected":false},"excerpt":{"rendered":"<p>Scopri come Arcigay Tralaltro Padova accoglie i Lavori di Pubblica Utilit\u00e0 (LPU) come occasione di inclusione, solidariet\u00e0 e giustizia sociale. Unisciti a noi per costruire una comunit\u00e0 pi\u00f9 equa e accogliente.<\/p>","protected":false},"author":1,"featured_media":977,"parent":0,"menu_order":0,"comment_status":"closed","ping_status":"closed","template":"","meta":{"_et_pb_use_builder":"off","_et_pb_old_content":"","_et_gb_content_width":"","_price":"","_stock":"","_tribe_ticket_header":"","_tribe_default_ticket_provider":"","_tribe_ticket_capacity":"0","_ticket_start_date":"","_ticket_end_date":"","_tribe_ticket_show_description":"","_tribe_ticket_show_not_going":false,"_tribe_ticket_use_global_stock":"","_tribe_ticket_global_stock_level":"","_global_stock_mode":"","_global_stock_cap":"","_tribe_rsvp_for_event":"","_tribe_ticket_going_count":"","_tribe_ticket_not_going_count":"","_tribe_tickets_list":"[]","_tribe_ticket_has_attendee_info_fields":false,"footnotes":"","_tec_slr_enabled":"","_tec_slr_layout":""},"categories":[],"tags":[],"class_list":["post-973","page","type-page","status-publish","has-post-thumbnail","hentry"],"yoast_head":"<!-- This site is optimized with the Yoast SEO plugin v27.4 - https:\/\/yoast.com\/product\/yoast-seo-wordpress\/ -->\n<title>Lavori di Pubblica Utilit\u00e0 (LPU) \u2013 Arcigay Tralaltro Padova<\/title>\n<meta name=\"description\" content=\"Scopri come Arcigay Tralaltro Padova accoglie i Lavori di Pubblica Utilit\u00e0 (LPU) come occasione di inclusione, solidariet\u00e0 e giustizia sociale. Unisciti a noi per costruire una comunit\u00e0 pi\u00f9 equa e accogliente.\" \/>\n<meta name=\"robots\" content=\"index, follow, max-snippet:-1, max-image-preview:large, max-video-preview:-1\" \/>\n<link rel=\"canonical\" href=\"https:\/\/www.tralaltro.it\/en\/lavori-di-pubblica-utilita\/\" \/>\n<meta property=\"og:locale\" content=\"en_GB\" \/>\n<meta property=\"og:type\" content=\"article\" \/>\n<meta property=\"og:title\" content=\"Lavori di Pubblica Utilit\u00e0 (LPU) \u2013 Arcigay Tralaltro Padova\" \/>\n<meta property=\"og:description\" content=\"Scopri come Arcigay Tralaltro Padova accoglie i Lavori di Pubblica Utilit\u00e0 (LPU) come occasione di inclusione, solidariet\u00e0 e giustizia sociale. Unisciti a noi per costruire una comunit\u00e0 pi\u00f9 equa e accogliente.\" \/>\n<meta property=\"og:url\" content=\"https:\/\/www.tralaltro.it\/en\/lavori-di-pubblica-utilita\/\" \/>\n<meta property=\"og:site_name\" content=\"Arcigay Tralaltro Padova APS\" \/>\n<meta property=\"article:publisher\" content=\"https:\/\/www.facebook.com\/ArcigayTralaltroPadova\/\" \/>\n<meta property=\"article:modified_time\" content=\"2025-09-07T20:07:07+00:00\" \/>\n<meta property=\"og:image\" content=\"https:\/\/www.tralaltro.it\/wp-content\/uploads\/2025\/09\/lavori-pubblica-utilita-1024x683.png\" \/>\n\t<meta property=\"og:image:width\" content=\"1024\" \/>\n\t<meta property=\"og:image:height\" content=\"683\" \/>\n\t<meta property=\"og:image:type\" content=\"image\/png\" \/>\n<meta name=\"twitter:card\" content=\"summary_large_image\" \/>\n<meta name=\"twitter:label1\" content=\"Estimated reading time\" \/>\n\t<meta name=\"twitter:data1\" content=\"3 minutes\" \/>\n<script type=\"application\/ld+json\" class=\"yoast-schema-graph\">{\"@context\":\"https:\\\/\\\/schema.org\",\"@graph\":[{\"@type\":\"WebPage\",\"@id\":\"https:\\\/\\\/www.tralaltro.it\\\/lavori-di-pubblica-utilita\\\/\",\"url\":\"https:\\\/\\\/www.tralaltro.it\\\/lavori-di-pubblica-utilita\\\/\",\"name\":\"Lavori di Pubblica Utilit\u00e0 (LPU) \u2013 Arcigay Tralaltro Padova\",\"isPartOf\":{\"@id\":\"https:\\\/\\\/www.tralaltro.it\\\/#website\"},\"primaryImageOfPage\":{\"@id\":\"https:\\\/\\\/www.tralaltro.it\\\/lavori-di-pubblica-utilita\\\/#primaryimage\"},\"image\":{\"@id\":\"https:\\\/\\\/www.tralaltro.it\\\/lavori-di-pubblica-utilita\\\/#primaryimage\"},\"thumbnailUrl\":\"https:\\\/\\\/www.tralaltro.it\\\/wp-content\\\/uploads\\\/2025\\\/09\\\/lavori-pubblica-utilita.png\",\"datePublished\":\"2025-09-07T19:54:39+00:00\",\"dateModified\":\"2025-09-07T20:07:07+00:00\",\"description\":\"Scopri come Arcigay Tralaltro Padova accoglie i Lavori di Pubblica Utilit\u00e0 (LPU) come occasione di inclusione, solidariet\u00e0 e giustizia sociale. Unisciti a noi per costruire una comunit\u00e0 pi\u00f9 equa e accogliente.\",\"breadcrumb\":{\"@id\":\"https:\\\/\\\/www.tralaltro.it\\\/lavori-di-pubblica-utilita\\\/#breadcrumb\"},\"inLanguage\":\"en-GB\",\"potentialAction\":[{\"@type\":\"ReadAction\",\"target\":[\"https:\\\/\\\/www.tralaltro.it\\\/lavori-di-pubblica-utilita\\\/\"]}]},{\"@type\":\"ImageObject\",\"inLanguage\":\"en-GB\",\"@id\":\"https:\\\/\\\/www.tralaltro.it\\\/lavori-di-pubblica-utilita\\\/#primaryimage\",\"url\":\"https:\\\/\\\/www.tralaltro.it\\\/wp-content\\\/uploads\\\/2025\\\/09\\\/lavori-pubblica-utilita.png\",\"contentUrl\":\"https:\\\/\\\/www.tralaltro.it\\\/wp-content\\\/uploads\\\/2025\\\/09\\\/lavori-pubblica-utilita.png\",\"width\":1536,\"height\":1024},{\"@type\":\"BreadcrumbList\",\"@id\":\"https:\\\/\\\/www.tralaltro.it\\\/lavori-di-pubblica-utilita\\\/#breadcrumb\",\"itemListElement\":[{\"@type\":\"ListItem\",\"position\":1,\"name\":\"Home\",\"item\":\"https:\\\/\\\/www.tralaltro.it\\\/\"},{\"@type\":\"ListItem\",\"position\":2,\"name\":\"Lavori di Pubblica Utilit\u00e0\"}]},{\"@type\":\"WebSite\",\"@id\":\"https:\\\/\\\/www.tralaltro.it\\\/#website\",\"url\":\"https:\\\/\\\/www.tralaltro.it\\\/\",\"name\":\"Arcigay Tralaltro Padova APS\",\"description\":\"Associazione LGBTQIA+ a Padova\",\"publisher\":{\"@id\":\"https:\\\/\\\/www.tralaltro.it\\\/#organization\"},\"alternateName\":\"Arcigay Padova\",\"potentialAction\":[{\"@type\":\"SearchAction\",\"target\":{\"@type\":\"EntryPoint\",\"urlTemplate\":\"https:\\\/\\\/www.tralaltro.it\\\/?s={search_term_string}\"},\"query-input\":{\"@type\":\"PropertyValueSpecification\",\"valueRequired\":true,\"valueName\":\"search_term_string\"}}],\"inLanguage\":\"en-GB\"},{\"@type\":\"Organization\",\"@id\":\"https:\\\/\\\/www.tralaltro.it\\\/#organization\",\"name\":\"Arcigay Tralaltro Padova APS\",\"url\":\"https:\\\/\\\/www.tralaltro.it\\\/\",\"logo\":{\"@type\":\"ImageObject\",\"inLanguage\":\"en-GB\",\"@id\":\"https:\\\/\\\/www.tralaltro.it\\\/#\\\/schema\\\/logo\\\/image\\\/\",\"url\":\"https:\\\/\\\/www.tralaltro.it\\\/wp-content\\\/uploads\\\/2025\\\/08\\\/Tralaltro-QUAD-1.png\",\"contentUrl\":\"https:\\\/\\\/www.tralaltro.it\\\/wp-content\\\/uploads\\\/2025\\\/08\\\/Tralaltro-QUAD-1.png\",\"width\":487,\"height\":487,\"caption\":\"Arcigay Tralaltro Padova APS\"},\"image\":{\"@id\":\"https:\\\/\\\/www.tralaltro.it\\\/#\\\/schema\\\/logo\\\/image\\\/\"},\"sameAs\":[\"https:\\\/\\\/www.facebook.com\\\/ArcigayTralaltroPadova\\\/\",\"https:\\\/\\\/www.instagram.com\\\/arcigaytralaltropadova\\\/\"]}]}<\/script>\n<!-- \/ Yoast SEO plugin. -->","yoast_head_json":{"title":"Lavori di Pubblica Utilit\u00e0 (LPU) \u2013 Arcigay Tralaltro Padova","description":"Scopri come Arcigay Tralaltro Padova accoglie i Lavori di Pubblica Utilit\u00e0 (LPU) come occasione di inclusione, solidariet\u00e0 e giustizia sociale. Unisciti a noi per costruire una comunit\u00e0 pi\u00f9 equa e accogliente.","robots":{"index":"index","follow":"follow","max-snippet":"max-snippet:-1","max-image-preview":"max-image-preview:large","max-video-preview":"max-video-preview:-1"},"canonical":"https:\/\/www.tralaltro.it\/en\/lavori-di-pubblica-utilita\/","og_locale":"en_GB","og_type":"article","og_title":"Lavori di Pubblica Utilit\u00e0 (LPU) \u2013 Arcigay Tralaltro Padova","og_description":"Scopri come Arcigay Tralaltro Padova accoglie i Lavori di Pubblica Utilit\u00e0 (LPU) come occasione di inclusione, solidariet\u00e0 e giustizia sociale. Unisciti a noi per costruire una comunit\u00e0 pi\u00f9 equa e accogliente.","og_url":"https:\/\/www.tralaltro.it\/en\/lavori-di-pubblica-utilita\/","og_site_name":"Arcigay Tralaltro Padova APS","article_publisher":"https:\/\/www.facebook.com\/ArcigayTralaltroPadova\/","article_modified_time":"2025-09-07T20:07:07+00:00","og_image":[{"width":1024,"height":683,"url":"https:\/\/www.tralaltro.it\/wp-content\/uploads\/2025\/09\/lavori-pubblica-utilita-1024x683.png","type":"image\/png"}],"twitter_card":"summary_large_image","twitter_misc":{"Estimated reading time":"3 minutes"},"schema":{"@context":"https:\/\/schema.org","@graph":[{"@type":"WebPage","@id":"https:\/\/www.tralaltro.it\/lavori-di-pubblica-utilita\/","url":"https:\/\/www.tralaltro.it\/lavori-di-pubblica-utilita\/","name":"Lavori di Pubblica Utilit\u00e0 (LPU) \u2013 Arcigay Tralaltro Padova","isPartOf":{"@id":"https:\/\/www.tralaltro.it\/#website"},"primaryImageOfPage":{"@id":"https:\/\/www.tralaltro.it\/lavori-di-pubblica-utilita\/#primaryimage"},"image":{"@id":"https:\/\/www.tralaltro.it\/lavori-di-pubblica-utilita\/#primaryimage"},"thumbnailUrl":"https:\/\/www.tralaltro.it\/wp-content\/uploads\/2025\/09\/lavori-pubblica-utilita.png","datePublished":"2025-09-07T19:54:39+00:00","dateModified":"2025-09-07T20:07:07+00:00","description":"Scopri come Arcigay Tralaltro Padova accoglie i Lavori di Pubblica Utilit\u00e0 (LPU) come occasione di inclusione, solidariet\u00e0 e giustizia sociale. Unisciti a noi per costruire una comunit\u00e0 pi\u00f9 equa e accogliente.","breadcrumb":{"@id":"https:\/\/www.tralaltro.it\/lavori-di-pubblica-utilita\/#breadcrumb"},"inLanguage":"en-GB","potentialAction":[{"@type":"ReadAction","target":["https:\/\/www.tralaltro.it\/lavori-di-pubblica-utilita\/"]}]},{"@type":"ImageObject","inLanguage":"en-GB","@id":"https:\/\/www.tralaltro.it\/lavori-di-pubblica-utilita\/#primaryimage","url":"https:\/\/www.tralaltro.it\/wp-content\/uploads\/2025\/09\/lavori-pubblica-utilita.png","contentUrl":"https:\/\/www.tralaltro.it\/wp-content\/uploads\/2025\/09\/lavori-pubblica-utilita.png","width":1536,"height":1024},{"@type":"BreadcrumbList","@id":"https:\/\/www.tralaltro.it\/lavori-di-pubblica-utilita\/#breadcrumb","itemListElement":[{"@type":"ListItem","position":1,"name":"Home","item":"https:\/\/www.tralaltro.it\/"},{"@type":"ListItem","position":2,"name":"Lavori di Pubblica Utilit\u00e0"}]},{"@type":"WebSite","@id":"https:\/\/www.tralaltro.it\/#website","url":"https:\/\/www.tralaltro.it\/","name":"Arcigay Tralaltro Padova APS","description":"Associazione LGBTQIA+ a Padova","publisher":{"@id":"https:\/\/www.tralaltro.it\/#organization"},"alternateName":"Arcigay Padova","potentialAction":[{"@type":"SearchAction","target":{"@type":"EntryPoint","urlTemplate":"https:\/\/www.tralaltro.it\/?s={search_term_string}"},"query-input":{"@type":"PropertyValueSpecification","valueRequired":true,"valueName":"search_term_string"}}],"inLanguage":"en-GB"},{"@type":"Organization","@id":"https:\/\/www.tralaltro.it\/#organization","name":"Arcigay Tralaltro Padova APS","url":"https:\/\/www.tralaltro.it\/","logo":{"@type":"ImageObject","inLanguage":"en-GB","@id":"https:\/\/www.tralaltro.it\/#\/schema\/logo\/image\/","url":"https:\/\/www.tralaltro.it\/wp-content\/uploads\/2025\/08\/Tralaltro-QUAD-1.png","contentUrl":"https:\/\/www.tralaltro.it\/wp-content\/uploads\/2025\/08\/Tralaltro-QUAD-1.png","width":487,"height":487,"caption":"Arcigay Tralaltro Padova APS"},"image":{"@id":"https:\/\/www.tralaltro.it\/#\/schema\/logo\/image\/"},"sameAs":["https:\/\/www.facebook.com\/ArcigayTralaltroPadova\/","https:\/\/www.instagram.com\/arcigaytralaltropadova\/"]}]}},"ticketed":false,"_links":{"self":[{"href":"https:\/\/www.tralaltro.it\/en\/wp-json\/wp\/v2\/pages\/973","targetHints":{"allow":["GET"]}}],"collection":[{"href":"https:\/\/www.tralaltro.it\/en\/wp-json\/wp\/v2\/pages"}],"about":[{"href":"https:\/\/www.tralaltro.it\/en\/wp-json\/wp\/v2\/types\/page"}],"author":[{"embeddable":true,"href":"https:\/\/www.tralaltro.it\/en\/wp-json\/wp\/v2\/users\/1"}],"replies":[{"embeddable":true,"href":"https:\/\/www.tralaltro.it\/en\/wp-json\/wp\/v2\/comments?post=973"}],"version-history":[{"count":4,"href":"https:\/\/www.tralaltro.it\/en\/wp-json\/wp\/v2\/pages\/973\/revisions"}],"predecessor-version":[{"id":981,"href":"https:\/\/www.tralaltro.it\/en\/wp-json\/wp\/v2\/pages\/973\/revisions\/981"}],"wp:featuredmedia":[{"embeddable":true,"href":"https:\/\/www.tralaltro.it\/en\/wp-json\/wp\/v2\/media\/977"}],"wp:attachment":[{"href":"https:\/\/www.tralaltro.it\/en\/wp-json\/wp\/v2\/media?parent=973"}],"wp:term":[{"taxonomy":"category","embeddable":true,"href":"https:\/\/www.tralaltro.it\/en\/wp-json\/wp\/v2\/categories?post=973"},{"taxonomy":"post_tag","embeddable":true,"href":"https:\/\/www.tralaltro.it\/en\/wp-json\/wp\/v2\/tags?post=973"}],"curies":[{"name":"wp","href":"https:\/\/api.w.org\/{rel}","templated":true}]}}